{"id":5963,"date":"2022-01-06T18:47:19","date_gmt":"2022-01-06T18:47:19","guid":{"rendered":"https:\/\/gordanaspoljart.hr\/?page_id=5963"},"modified":"2022-02-06T10:36:21","modified_gmt":"2022-02-06T10:36:21","slug":"memorabilijar-iii-kaysersberg","status":"publish","type":"page","link":"https:\/\/gordanaspoljart.hr\/en\/biografija\/memorabilijar-iii-kaysersberg\/","title":{"rendered":"Memorabilijar III Kaysersberg"},"content":{"rendered":"<p>[et_pb_section fb_built=&#8221;1&#8243; _builder_version=&#8221;4.14.2&#8243; _module_preset=&#8221;default&#8221; background_color=&#8221;RGBA(255,255,255,0)&#8221; locked=&#8221;off&#8221; global_colors_info=&#8221;{}&#8221;][et_pb_row _builder_version=&#8221;4.14.2&#8243; _module_preset=&#8221;default&#8221; global_colors_info=&#8221;{}&#8221;][et_pb_column type=&#8221;4_4&#8243; _builder_version=&#8221;4.14.2&#8243; _module_preset=&#8221;default&#8221; global_colors_info=&#8221;{}&#8221;][et_pb_text _builder_version=&#8221;4.14.2&#8243; _module_preset=&#8221;default&#8221; text_font=&#8221;Open Sans||||||||&#8221; text_text_color=&#8221;#666666&#8243; text_font_size=&#8221;24px&#8221; text_letter_spacing=&#8221;-1px&#8221; text_line_height=&#8221;1.3em&#8221; header_font=&#8221;|700||on|||||&#8221; header_text_align=&#8221;left&#8221; header_text_color=&#8221;rgba(0,0,0,0.35)&#8221; header_font_size=&#8221;16px&#8221; header_letter_spacing=&#8221;5px&#8221; header_line_height=&#8221;2em&#8221; header_2_font=&#8221;Libre Baskerville|500|||||||&#8221; header_2_text_align=&#8221;left&#8221; header_2_font_size=&#8221;56px&#8221; header_2_letter_spacing=&#8221;-2px&#8221; header_2_line_height=&#8221;1.3em&#8221; header_3_font=&#8221;|700||on|||||&#8221; header_3_text_align=&#8221;left&#8221; header_3_text_color=&#8221;rgba(0,0,0,0.35)&#8221; header_3_font_size=&#8221;16px&#8221; header_3_letter_spacing=&#8221;5px&#8221; header_3_line_height=&#8221;2em&#8221; hover_enabled=&#8221;0&#8243; header_font_size_tablet=&#8221;56px&#8221; header_font_size_phone=&#8221;48px&#8221; header_font_size_last_edited=&#8221;on|phone&#8221; header_2_font_size_tablet=&#8221;40px&#8221; header_2_font_size_phone=&#8221;26px&#8221; header_2_font_size_last_edited=&#8221;on|phone&#8221; global_colors_info=&#8221;{}&#8221; text_font_size_tablet=&#8221;24px&#8221; text_font_size_phone=&#8221;20px&#8221; text_font_size_last_edited=&#8221;on|phone&#8221; sticky_enabled=&#8221;0&#8243;]<\/p>\n<h1><a href=\"https:\/\/gordanaspoljart.hr\/izlozbe\/\">Izlo\u017ebe<\/a><\/h1>\n<h2>Memorabilijar III<\/h2>\n<p>Abbaye Romane d&#8217;Alspach, Kaysersberg (2014.)<\/p>\n<p>[\/et_pb_text][\/et_pb_column][\/et_pb_row][et_pb_row _builder_version=&#8221;4.14.2&#8243; _module_preset=&#8221;default&#8221; global_colors_info=&#8221;{}&#8221;][et_pb_column type=&#8221;4_4&#8243; _builder_version=&#8221;4.14.2&#8243; _module_preset=&#8221;default&#8221; global_colors_info=&#8221;{}&#8221;][et_pb_video src=&#8221;https:\/\/gordanaspoljart.hr\/wp-content\/uploads\/2022\/01\/Memorabilijar-III-Kaysersberg-video.mp4&#8243; image_src=&#8221;https:\/\/gordanaspoljart.hr\/wp-content\/uploads\/2022\/01\/memorabilijar-III-Kaysersberg-19.jpg&#8221; _builder_version=&#8221;4.14.2&#8243; _module_preset=&#8221;default&#8221; global_colors_info=&#8221;{}&#8221;][\/et_pb_video][\/et_pb_column][\/et_pb_row][et_pb_row column_structure=&#8221;2_3,1_3&#8243; _builder_version=&#8221;4.14.2&#8243; _module_preset=&#8221;default&#8221; global_colors_info=&#8221;{}&#8221;][et_pb_column type=&#8221;2_3&#8243; _builder_version=&#8221;4.14.2&#8243; _module_preset=&#8221;default&#8221; global_colors_info=&#8221;{}&#8221;][et_pb_text _builder_version=&#8221;4.14.2&#8243; _module_preset=&#8221;default&#8221; text_font_size=&#8221;16px&#8221; global_colors_info=&#8221;{}&#8221;]<\/p>\n<p class=\"p1\">Videozapis o izlo\u017ebi u Kaysersbergu u biv\u0161oj romani\u010dkoj crkvi Abbaye Romane d&#8217;Alspach.<\/p>\n<p class=\"p1\">Listopad 2014. <em>(Fotografije: Jean Dhume &#8211; Video: Dolina Weiss.)<\/em><\/p>\n<p>[\/et_pb_text][\/et_pb_column][et_pb_column type=&#8221;1_3&#8243; _builder_version=&#8221;4.14.2&#8243; _module_preset=&#8221;default&#8221; global_colors_info=&#8221;{}&#8221;][\/et_pb_column][\/et_pb_row][\/et_pb_section][et_pb_section fb_built=&#8221;1&#8243; _builder_version=&#8221;4.14.2&#8243; _module_preset=&#8221;default&#8221; background_color=&#8221;#f9f9f9&#8243; global_colors_info=&#8221;{}&#8221;][et_pb_row _builder_version=&#8221;4.14.2&#8243; _module_preset=&#8221;default&#8221; global_colors_info=&#8221;{}&#8221;][et_pb_column type=&#8221;4_4&#8243; _builder_version=&#8221;4.14.2&#8243; _module_preset=&#8221;default&#8221; global_colors_info=&#8221;{}&#8221;][et_pb_gallery gallery_ids=&#8221;5965,5966,5967,5968,5969,5970,5971,5972,5973,5974,5975,5976,5977,5978,5979,5980,5981,5982,5983,5984,5985,5986,5987,5988,5989,5990,5991,5992,5993,5994,5995,5996,5997,5998,5999,6000,6001,6002,6003,6004,6005,6006,6007,6008,6009,6010&#8243; posts_number=&#8221;46&#8243; orientation=&#8221;portrait&#8221; show_title_and_caption=&#8221;off&#8221; zoom_icon_color=&#8221;RGBA(255,255,255,0)&#8221; hover_overlay_color=&#8221;rgba(255,255,255,0.5)&#8221; _builder_version=&#8221;4.14.2&#8243; _module_preset=&#8221;default&#8221; global_colors_info=&#8221;{}&#8221;][\/et_pb_gallery][\/et_pb_column][\/et_pb_row][\/et_pb_section]<\/p>\n","protected":false},"excerpt":{"rendered":"<p>Izlo\u017ebe Memorabilijar III Abbaye Romane d&#8217;Alspach, Kaysersberg (2014.)Videozapis o izlo\u017ebi u Kaysersbergu u biv\u0161oj romani\u010dkoj crkvi Abbaye Romane d&#8217;Alspach. Listopad 2014. (Fotografije: Jean Dhume &#8211; Video: Dolina Weiss.)<\/p>","protected":false},"author":1,"featured_media":0,"parent":63,"menu_order":13,"comment_status":"closed","ping_status":"closed","template":"","meta":{"_et_pb_use_builder":"on","_et_pb_old_content":"","_et_gb_content_width":"","footnotes":""},"class_list":["post-5963","page","type-page","status-publish","hentry"],"yoast_head":"<!-- This site is optimized with the Yoast SEO plugin v27.2 - https:\/\/yoast.com\/product\/yoast-seo-wordpress\/ -->\n<title>Memorabilijar III Kaysersberg - Gordana \u0160poljar Andra\u0161i\u0107<\/title>\n<meta name=\"robots\" content=\"index, follow, max-snippet:-1, max-image-preview:large, max-video-preview:-1\" \/>\n<link rel=\"canonical\" href=\"https:\/\/gordanaspoljart.hr\/en\/biografija\/memorabilijar-iii-kaysersberg\/\" \/>\n<meta property=\"og:locale\" content=\"en_US\" \/>\n<meta property=\"og:type\" content=\"article\" \/>\n<meta property=\"og:title\" content=\"Memorabilijar III Kaysersberg - Gordana \u0160poljar Andra\u0161i\u0107\" \/>\n<meta property=\"og:description\" content=\"Izlo\u017ebe Memorabilijar III Abbaye Romane d&#039;Alspach, Kaysersberg (2014.)Videozapis o izlo\u017ebi u Kaysersbergu u biv\u0161oj romani\u010dkoj crkvi Abbaye Romane d&#039;Alspach. Listopad 2014. (Fotografije: Jean Dhume - Video: Dolina Weiss.)\" \/>\n<meta property=\"og:url\" content=\"https:\/\/gordanaspoljart.hr\/en\/biografija\/memorabilijar-iii-kaysersberg\/\" \/>\n<meta property=\"og:site_name\" content=\"Gordana \u0160poljar Andra\u0161i\u0107\" \/>\n<meta property=\"article:publisher\" content=\"https:\/\/www.facebook.com\/gordana.spoljarandrasic\" \/>\n<meta property=\"article:modified_time\" content=\"2022-02-06T10:36:21+00:00\" \/>\n<meta property=\"og:image\" content=\"https:\/\/gordanaspoljart.hr\/wp-content\/uploads\/2022\/02\/kontakt-home-1.jpg\" \/>\n\t<meta property=\"og:image:width\" content=\"1440\" \/>\n\t<meta property=\"og:image:height\" content=\"960\" \/>\n\t<meta property=\"og:image:type\" content=\"image\/jpeg\" \/>\n<meta name=\"twitter:card\" content=\"summary_large_image\" \/>\n<meta name=\"twitter:label1\" content=\"Est. reading time\" \/>\n\t<meta name=\"twitter:data1\" content=\"2 minutes\" \/>\n<script type=\"application\/ld+json\" class=\"yoast-schema-graph\">{\"@context\":\"https:\/\/schema.org\",\"@graph\":[{\"@type\":\"WebPage\",\"@id\":\"https:\/\/gordanaspoljart.hr\/biografija\/memorabilijar-iii-kaysersberg\/\",\"url\":\"https:\/\/gordanaspoljart.hr\/biografija\/memorabilijar-iii-kaysersberg\/\",\"name\":\"Memorabilijar III Kaysersberg - Gordana \u0160poljar Andra\u0161i\u0107\",\"isPartOf\":{\"@id\":\"https:\/\/gordanaspoljart.hr\/#website\"},\"datePublished\":\"2022-01-06T18:47:19+00:00\",\"dateModified\":\"2022-02-06T10:36:21+00:00\",\"breadcrumb\":{\"@id\":\"https:\/\/gordanaspoljart.hr\/biografija\/memorabilijar-iii-kaysersberg\/#breadcrumb\"},\"inLanguage\":\"en-US\",\"potentialAction\":[{\"@type\":\"ReadAction\",\"target\":[\"https:\/\/gordanaspoljart.hr\/biografija\/memorabilijar-iii-kaysersberg\/\"]}]},{\"@type\":\"BreadcrumbList\",\"@id\":\"https:\/\/gordanaspoljart.hr\/biografija\/memorabilijar-iii-kaysersberg\/#breadcrumb\",\"itemListElement\":[{\"@type\":\"ListItem\",\"position\":1,\"name\":\"Home\",\"item\":\"https:\/\/gordanaspoljart.hr\/\"},{\"@type\":\"ListItem\",\"position\":2,\"name\":\"Biografija\",\"item\":\"https:\/\/gordanaspoljart.hr\/biografija\/\"},{\"@type\":\"ListItem\",\"position\":3,\"name\":\"Memorabilijar III Kaysersberg\"}]},{\"@type\":\"WebSite\",\"@id\":\"https:\/\/gordanaspoljart.hr\/#website\",\"url\":\"https:\/\/gordanaspoljart.hr\/\",\"name\":\"Gordana \u0160poljar Andra\u0161i\u0107\",\"description\":\"Umjetni\u010dka djela - Izlo\u017ebe - Art\",\"publisher\":{\"@id\":\"https:\/\/gordanaspoljart.hr\/#organization\"},\"potentialAction\":[{\"@type\":\"SearchAction\",\"target\":{\"@type\":\"EntryPoint\",\"urlTemplate\":\"https:\/\/gordanaspoljart.hr\/?s={search_term_string}\"},\"query-input\":{\"@type\":\"PropertyValueSpecification\",\"valueRequired\":true,\"valueName\":\"search_term_string\"}}],\"inLanguage\":\"en-US\"},{\"@type\":\"Organization\",\"@id\":\"https:\/\/gordanaspoljart.hr\/#organization\",\"name\":\"Gordana \u0160poljar Andra\u0161i\u0107\",\"url\":\"https:\/\/gordanaspoljart.hr\/\",\"logo\":{\"@type\":\"ImageObject\",\"inLanguage\":\"en-US\",\"@id\":\"https:\/\/gordanaspoljart.hr\/#\/schema\/logo\/image\/\",\"url\":\"https:\/\/gordanaspoljart.hr\/wp-content\/uploads\/2022\/02\/logo-new.png\",\"contentUrl\":\"https:\/\/gordanaspoljart.hr\/wp-content\/uploads\/2022\/02\/logo-new.png\",\"width\":700,\"height\":180,\"caption\":\"Gordana \u0160poljar Andra\u0161i\u0107\"},\"image\":{\"@id\":\"https:\/\/gordanaspoljart.hr\/#\/schema\/logo\/image\/\"},\"sameAs\":[\"https:\/\/www.facebook.com\/gordana.spoljarandrasic\",\"https:\/\/www.instagram.com\/rad_i_ona_art\/\"]}]}<\/script>\n<!-- \/ Yoast SEO plugin. -->","yoast_head_json":{"title":"Memorabilijar III Kaysersberg - Gordana \u0160poljar Andra\u0161i\u0107","robots":{"index":"index","follow":"follow","max-snippet":"max-snippet:-1","max-image-preview":"max-image-preview:large","max-video-preview":"max-video-preview:-1"},"canonical":"https:\/\/gordanaspoljart.hr\/en\/biografija\/memorabilijar-iii-kaysersberg\/","og_locale":"en_US","og_type":"article","og_title":"Memorabilijar III Kaysersberg - Gordana \u0160poljar Andra\u0161i\u0107","og_description":"Izlo\u017ebe Memorabilijar III Abbaye Romane d'Alspach, Kaysersberg (2014.)Videozapis o izlo\u017ebi u Kaysersbergu u biv\u0161oj romani\u010dkoj crkvi Abbaye Romane d'Alspach. Listopad 2014. (Fotografije: Jean Dhume - Video: Dolina Weiss.)","og_url":"https:\/\/gordanaspoljart.hr\/en\/biografija\/memorabilijar-iii-kaysersberg\/","og_site_name":"Gordana \u0160poljar Andra\u0161i\u0107","article_publisher":"https:\/\/www.facebook.com\/gordana.spoljarandrasic","article_modified_time":"2022-02-06T10:36:21+00:00","og_image":[{"width":1440,"height":960,"url":"https:\/\/gordanaspoljart.hr\/wp-content\/uploads\/2022\/02\/kontakt-home-1.jpg","type":"image\/jpeg"}],"twitter_card":"summary_large_image","twitter_misc":{"Est. reading time":"2 minutes"},"schema":{"@context":"https:\/\/schema.org","@graph":[{"@type":"WebPage","@id":"https:\/\/gordanaspoljart.hr\/biografija\/memorabilijar-iii-kaysersberg\/","url":"https:\/\/gordanaspoljart.hr\/biografija\/memorabilijar-iii-kaysersberg\/","name":"Memorabilijar III Kaysersberg - Gordana \u0160poljar Andra\u0161i\u0107","isPartOf":{"@id":"https:\/\/gordanaspoljart.hr\/#website"},"datePublished":"2022-01-06T18:47:19+00:00","dateModified":"2022-02-06T10:36:21+00:00","breadcrumb":{"@id":"https:\/\/gordanaspoljart.hr\/biografija\/memorabilijar-iii-kaysersberg\/#breadcrumb"},"inLanguage":"en-US","potentialAction":[{"@type":"ReadAction","target":["https:\/\/gordanaspoljart.hr\/biografija\/memorabilijar-iii-kaysersberg\/"]}]},{"@type":"BreadcrumbList","@id":"https:\/\/gordanaspoljart.hr\/biografija\/memorabilijar-iii-kaysersberg\/#breadcrumb","itemListElement":[{"@type":"ListItem","position":1,"name":"Home","item":"https:\/\/gordanaspoljart.hr\/"},{"@type":"ListItem","position":2,"name":"Biografija","item":"https:\/\/gordanaspoljart.hr\/biografija\/"},{"@type":"ListItem","position":3,"name":"Memorabilijar III Kaysersberg"}]},{"@type":"WebSite","@id":"https:\/\/gordanaspoljart.hr\/#website","url":"https:\/\/gordanaspoljart.hr\/","name":"Gordana Spoljar Andrasic","description":"Umjetni\u010dka djela - Izlo\u017ebe - Art","publisher":{"@id":"https:\/\/gordanaspoljart.hr\/#organization"},"potentialAction":[{"@type":"SearchAction","target":{"@type":"EntryPoint","urlTemplate":"https:\/\/gordanaspoljart.hr\/?s={search_term_string}"},"query-input":{"@type":"PropertyValueSpecification","valueRequired":true,"valueName":"search_term_string"}}],"inLanguage":"en-US"},{"@type":"Organization","@id":"https:\/\/gordanaspoljart.hr\/#organization","name":"Gordana Spoljar Andrasic","url":"https:\/\/gordanaspoljart.hr\/","logo":{"@type":"ImageObject","inLanguage":"en-US","@id":"https:\/\/gordanaspoljart.hr\/#\/schema\/logo\/image\/","url":"https:\/\/gordanaspoljart.hr\/wp-content\/uploads\/2022\/02\/logo-new.png","contentUrl":"https:\/\/gordanaspoljart.hr\/wp-content\/uploads\/2022\/02\/logo-new.png","width":700,"height":180,"caption":"Gordana \u0160poljar Andra\u0161i\u0107"},"image":{"@id":"https:\/\/gordanaspoljart.hr\/#\/schema\/logo\/image\/"},"sameAs":["https:\/\/www.facebook.com\/gordana.spoljarandrasic","https:\/\/www.instagram.com\/rad_i_ona_art\/"]}]}},"_links":{"self":[{"href":"https:\/\/gordanaspoljart.hr\/en\/wp-json\/wp\/v2\/pages\/5963","targetHints":{"allow":["GET"]}}],"collection":[{"href":"https:\/\/gordanaspoljart.hr\/en\/wp-json\/wp\/v2\/pages"}],"about":[{"href":"https:\/\/gordanaspoljart.hr\/en\/wp-json\/wp\/v2\/types\/page"}],"author":[{"embeddable":true,"href":"https:\/\/gordanaspoljart.hr\/en\/wp-json\/wp\/v2\/users\/1"}],"replies":[{"embeddable":true,"href":"https:\/\/gordanaspoljart.hr\/en\/wp-json\/wp\/v2\/comments?post=5963"}],"version-history":[{"count":16,"href":"https:\/\/gordanaspoljart.hr\/en\/wp-json\/wp\/v2\/pages\/5963\/revisions"}],"predecessor-version":[{"id":8577,"href":"https:\/\/gordanaspoljart.hr\/en\/wp-json\/wp\/v2\/pages\/5963\/revisions\/8577"}],"up":[{"embeddable":true,"href":"https:\/\/gordanaspoljart.hr\/en\/wp-json\/wp\/v2\/pages\/63"}],"wp:attachment":[{"href":"https:\/\/gordanaspoljart.hr\/en\/wp-json\/wp\/v2\/media?parent=5963"}],"curies":[{"name":"wp","href":"https:\/\/api.w.org\/{rel}","templated":true}]}}