{"id":9073,"date":"2023-10-12T15:31:36","date_gmt":"2023-10-12T15:31:36","guid":{"rendered":"https:\/\/gordanaspoljart.hr\/?page_id=9073"},"modified":"2025-05-15T16:02:10","modified_gmt":"2025-05-15T16:02:10","slug":"arbor-vitae-galerija-koprivnica-2023","status":"publish","type":"page","link":"https:\/\/gordanaspoljart.hr\/en\/biografija\/arbor-vitae-galerija-koprivnica-2023\/","title":{"rendered":"&#8220;Arbor vitae&#8221;, Galerija Koprivnica, 2023."},"content":{"rendered":"<p>[et_pb_section fb_built=&#8221;1&#8243; _builder_version=&#8221;4.16&#8243; _module_preset=&#8221;default&#8221; background_color=&#8221;#f9f9f9&#8243; global_colors_info=&#8221;{}&#8221;][et_pb_row _builder_version=&#8221;4.16&#8243; _module_preset=&#8221;default&#8221; locked=&#8221;off&#8221; global_colors_info=&#8221;{}&#8221;][et_pb_column type=&#8221;4_4&#8243; _builder_version=&#8221;4.16&#8243; _module_preset=&#8221;default&#8221; global_colors_info=&#8221;{}&#8221;][et_pb_text _builder_version=&#8221;4.22.2&#8243; _module_preset=&#8221;default&#8221; text_font=&#8221;Open Sans||||||||&#8221; text_text_color=&#8221;#666666&#8243; text_font_size=&#8221;24px&#8221; text_letter_spacing=&#8221;-1px&#8221; text_line_height=&#8221;1.3em&#8221; header_font=&#8221;|700||on|||||&#8221; header_text_align=&#8221;left&#8221; header_text_color=&#8221;rgba(0,0,0,0.35)&#8221; header_font_size=&#8221;16px&#8221; header_letter_spacing=&#8221;5px&#8221; header_line_height=&#8221;2em&#8221; header_2_font=&#8221;Libre Baskerville|500|||||||&#8221; header_2_text_align=&#8221;left&#8221; header_2_font_size=&#8221;56px&#8221; header_2_letter_spacing=&#8221;-2px&#8221; header_2_line_height=&#8221;1.3em&#8221; header_3_font=&#8221;|700||on|||||&#8221; header_3_text_align=&#8221;left&#8221; header_3_text_color=&#8221;rgba(0,0,0,0.35)&#8221; header_3_font_size=&#8221;16px&#8221; header_3_letter_spacing=&#8221;5px&#8221; header_3_line_height=&#8221;2em&#8221; text_font_size_tablet=&#8221;24px&#8221; text_font_size_phone=&#8221;20px&#8221; text_font_size_last_edited=&#8221;on|phone&#8221; header_font_size_tablet=&#8221;56px&#8221; header_font_size_phone=&#8221;48px&#8221; header_font_size_last_edited=&#8221;on|phone&#8221; header_2_font_size_tablet=&#8221;40px&#8221; header_2_font_size_phone=&#8221;26px&#8221; header_2_font_size_last_edited=&#8221;on|phone&#8221; global_colors_info=&#8221;{}&#8221;]<\/p>\n<h1>5<a href=\"https:\/\/gordanaspoljart.hr\/izlozbe\/\">Izlo\u017ebe<\/a><\/h1>\n<h2>Behind The Sky<\/h2>\n<p>D Contemporary Gallery, 2025.<\/p>\n<p>[\/et_pb_text][\/et_pb_column][\/et_pb_row][et_pb_row _builder_version=&#8221;4.19.5&#8243; _module_preset=&#8221;default&#8221; global_colors_info=&#8221;{}&#8221;][et_pb_column type=&#8221;4_4&#8243; _builder_version=&#8221;4.18.0&#8243; _module_preset=&#8221;default&#8221; global_colors_info=&#8221;{}&#8221;][et_pb_gallery gallery_ids=&#8221;9238,9240,9239,9242,9241,9243,9244,9246&#8243; posts_number=&#8221;40&#8243; orientation=&#8221;portrait&#8221; show_title_and_caption=&#8221;off&#8221; zoom_icon_color=&#8221;RGBA(255,255,255,0)&#8221; hover_overlay_color=&#8221;rgba(255,255,255,0.5)&#8221; _builder_version=&#8221;4.27.4&#8243; _module_preset=&#8221;default&#8221; hover_enabled=&#8221;0&#8243; global_colors_info=&#8221;{}&#8221; sticky_enabled=&#8221;0&#8243;][\/et_pb_gallery][\/et_pb_column][\/et_pb_row][et_pb_row column_structure=&#8221;3_5,2_5&#8243; _builder_version=&#8221;4.16&#8243; _module_preset=&#8221;default&#8221; locked=&#8221;off&#8221; global_colors_info=&#8221;{}&#8221;][et_pb_column type=&#8221;3_5&#8243; _builder_version=&#8221;4.16&#8243; _module_preset=&#8221;default&#8221; global_colors_info=&#8221;{}&#8221;][\/et_pb_column][et_pb_column type=&#8221;2_5&#8243; _builder_version=&#8221;4.16&#8243; _module_preset=&#8221;default&#8221; global_colors_info=&#8221;{}&#8221;][\/et_pb_column][\/et_pb_row][\/et_pb_section]<\/p>\n","protected":false},"excerpt":{"rendered":"<p>5Izlo\u017ebe Behind The Sky D Contemporary Gallery, 2025.<\/p>","protected":false},"author":1,"featured_media":0,"parent":63,"menu_order":5,"comment_status":"closed","ping_status":"closed","template":"","meta":{"_et_pb_use_builder":"on","_et_pb_old_content":"","_et_gb_content_width":"","footnotes":""},"class_list":["post-9073","page","type-page","status-publish","hentry"],"yoast_head":"<!-- This site is optimized with the Yoast SEO plugin v27.2 - https:\/\/yoast.com\/product\/yoast-seo-wordpress\/ -->\n<title>&quot;Arbor vitae&quot;, Galerija Koprivnica, 2023. - Gordana \u0160poljar Andra\u0161i\u0107<\/title>\n<meta name=\"robots\" content=\"index, follow, max-snippet:-1, max-image-preview:large, max-video-preview:-1\" \/>\n<link rel=\"canonical\" href=\"https:\/\/gordanaspoljart.hr\/en\/biografija\/arbor-vitae-galerija-koprivnica-2023\/\" \/>\n<meta property=\"og:locale\" content=\"en_US\" \/>\n<meta property=\"og:type\" content=\"article\" \/>\n<meta property=\"og:title\" content=\"&quot;Arbor vitae&quot;, Galerija Koprivnica, 2023. - Gordana \u0160poljar Andra\u0161i\u0107\" \/>\n<meta property=\"og:description\" content=\"5Izlo\u017ebe Behind The Sky D Contemporary Gallery, 2025.\" \/>\n<meta property=\"og:url\" content=\"https:\/\/gordanaspoljart.hr\/en\/biografija\/arbor-vitae-galerija-koprivnica-2023\/\" \/>\n<meta property=\"og:site_name\" content=\"Gordana \u0160poljar Andra\u0161i\u0107\" \/>\n<meta property=\"article:publisher\" content=\"https:\/\/www.facebook.com\/gordana.spoljarandrasic\" \/>\n<meta property=\"article:modified_time\" content=\"2025-05-15T16:02:10+00:00\" \/>\n<meta property=\"og:image\" content=\"https:\/\/gordanaspoljart.hr\/wp-content\/uploads\/2022\/02\/kontakt-home-1.jpg\" \/>\n\t<meta property=\"og:image:width\" content=\"1440\" \/>\n\t<meta property=\"og:image:height\" content=\"960\" \/>\n\t<meta property=\"og:image:type\" content=\"image\/jpeg\" \/>\n<meta name=\"twitter:card\" content=\"summary_large_image\" \/>\n<script type=\"application\/ld+json\" class=\"yoast-schema-graph\">{\"@context\":\"https:\/\/schema.org\",\"@graph\":[{\"@type\":\"WebPage\",\"@id\":\"https:\/\/gordanaspoljart.hr\/biografija\/arbor-vitae-galerija-koprivnica-2023\/\",\"url\":\"https:\/\/gordanaspoljart.hr\/biografija\/arbor-vitae-galerija-koprivnica-2023\/\",\"name\":\"\\\"Arbor vitae\\\", Galerija Koprivnica, 2023. - Gordana \u0160poljar Andra\u0161i\u0107\",\"isPartOf\":{\"@id\":\"https:\/\/gordanaspoljart.hr\/#website\"},\"datePublished\":\"2023-10-12T15:31:36+00:00\",\"dateModified\":\"2025-05-15T16:02:10+00:00\",\"breadcrumb\":{\"@id\":\"https:\/\/gordanaspoljart.hr\/biografija\/arbor-vitae-galerija-koprivnica-2023\/#breadcrumb\"},\"inLanguage\":\"en-US\",\"potentialAction\":[{\"@type\":\"ReadAction\",\"target\":[\"https:\/\/gordanaspoljart.hr\/biografija\/arbor-vitae-galerija-koprivnica-2023\/\"]}]},{\"@type\":\"BreadcrumbList\",\"@id\":\"https:\/\/gordanaspoljart.hr\/biografija\/arbor-vitae-galerija-koprivnica-2023\/#breadcrumb\",\"itemListElement\":[{\"@type\":\"ListItem\",\"position\":1,\"name\":\"Home\",\"item\":\"https:\/\/gordanaspoljart.hr\/\"},{\"@type\":\"ListItem\",\"position\":2,\"name\":\"Biografija\",\"item\":\"https:\/\/gordanaspoljart.hr\/biografija\/\"},{\"@type\":\"ListItem\",\"position\":3,\"name\":\"&#8220;Arbor vitae&#8221;, Galerija Koprivnica, 2023.\"}]},{\"@type\":\"WebSite\",\"@id\":\"https:\/\/gordanaspoljart.hr\/#website\",\"url\":\"https:\/\/gordanaspoljart.hr\/\",\"name\":\"Gordana \u0160poljar Andra\u0161i\u0107\",\"description\":\"Umjetni\u010dka djela - Izlo\u017ebe - Art\",\"publisher\":{\"@id\":\"https:\/\/gordanaspoljart.hr\/#organization\"},\"potentialAction\":[{\"@type\":\"SearchAction\",\"target\":{\"@type\":\"EntryPoint\",\"urlTemplate\":\"https:\/\/gordanaspoljart.hr\/?s={search_term_string}\"},\"query-input\":{\"@type\":\"PropertyValueSpecification\",\"valueRequired\":true,\"valueName\":\"search_term_string\"}}],\"inLanguage\":\"en-US\"},{\"@type\":\"Organization\",\"@id\":\"https:\/\/gordanaspoljart.hr\/#organization\",\"name\":\"Gordana \u0160poljar Andra\u0161i\u0107\",\"url\":\"https:\/\/gordanaspoljart.hr\/\",\"logo\":{\"@type\":\"ImageObject\",\"inLanguage\":\"en-US\",\"@id\":\"https:\/\/gordanaspoljart.hr\/#\/schema\/logo\/image\/\",\"url\":\"https:\/\/gordanaspoljart.hr\/wp-content\/uploads\/2022\/02\/logo-new.png\",\"contentUrl\":\"https:\/\/gordanaspoljart.hr\/wp-content\/uploads\/2022\/02\/logo-new.png\",\"width\":700,\"height\":180,\"caption\":\"Gordana \u0160poljar Andra\u0161i\u0107\"},\"image\":{\"@id\":\"https:\/\/gordanaspoljart.hr\/#\/schema\/logo\/image\/\"},\"sameAs\":[\"https:\/\/www.facebook.com\/gordana.spoljarandrasic\",\"https:\/\/www.instagram.com\/rad_i_ona_art\/\"]}]}<\/script>\n<!-- \/ Yoast SEO plugin. -->","yoast_head_json":{"title":"\"Arbor vitae\", Galerija Koprivnica, 2023. - Gordana \u0160poljar Andra\u0161i\u0107","robots":{"index":"index","follow":"follow","max-snippet":"max-snippet:-1","max-image-preview":"max-image-preview:large","max-video-preview":"max-video-preview:-1"},"canonical":"https:\/\/gordanaspoljart.hr\/en\/biografija\/arbor-vitae-galerija-koprivnica-2023\/","og_locale":"en_US","og_type":"article","og_title":"\"Arbor vitae\", Galerija Koprivnica, 2023. - Gordana \u0160poljar Andra\u0161i\u0107","og_description":"5Izlo\u017ebe Behind The Sky D Contemporary Gallery, 2025.","og_url":"https:\/\/gordanaspoljart.hr\/en\/biografija\/arbor-vitae-galerija-koprivnica-2023\/","og_site_name":"Gordana \u0160poljar Andra\u0161i\u0107","article_publisher":"https:\/\/www.facebook.com\/gordana.spoljarandrasic","article_modified_time":"2025-05-15T16:02:10+00:00","og_image":[{"width":1440,"height":960,"url":"https:\/\/gordanaspoljart.hr\/wp-content\/uploads\/2022\/02\/kontakt-home-1.jpg","type":"image\/jpeg"}],"twitter_card":"summary_large_image","schema":{"@context":"https:\/\/schema.org","@graph":[{"@type":"WebPage","@id":"https:\/\/gordanaspoljart.hr\/biografija\/arbor-vitae-galerija-koprivnica-2023\/","url":"https:\/\/gordanaspoljart.hr\/biografija\/arbor-vitae-galerija-koprivnica-2023\/","name":"\"Arbor vitae\", Galerija Koprivnica, 2023. - Gordana \u0160poljar Andra\u0161i\u0107","isPartOf":{"@id":"https:\/\/gordanaspoljart.hr\/#website"},"datePublished":"2023-10-12T15:31:36+00:00","dateModified":"2025-05-15T16:02:10+00:00","breadcrumb":{"@id":"https:\/\/gordanaspoljart.hr\/biografija\/arbor-vitae-galerija-koprivnica-2023\/#breadcrumb"},"inLanguage":"en-US","potentialAction":[{"@type":"ReadAction","target":["https:\/\/gordanaspoljart.hr\/biografija\/arbor-vitae-galerija-koprivnica-2023\/"]}]},{"@type":"BreadcrumbList","@id":"https:\/\/gordanaspoljart.hr\/biografija\/arbor-vitae-galerija-koprivnica-2023\/#breadcrumb","itemListElement":[{"@type":"ListItem","position":1,"name":"Home","item":"https:\/\/gordanaspoljart.hr\/"},{"@type":"ListItem","position":2,"name":"Biografija","item":"https:\/\/gordanaspoljart.hr\/biografija\/"},{"@type":"ListItem","position":3,"name":"&#8220;Arbor vitae&#8221;, Galerija Koprivnica, 2023."}]},{"@type":"WebSite","@id":"https:\/\/gordanaspoljart.hr\/#website","url":"https:\/\/gordanaspoljart.hr\/","name":"Gordana Spoljar Andrasic","description":"Umjetni\u010dka djela - Izlo\u017ebe - Art","publisher":{"@id":"https:\/\/gordanaspoljart.hr\/#organization"},"potentialAction":[{"@type":"SearchAction","target":{"@type":"EntryPoint","urlTemplate":"https:\/\/gordanaspoljart.hr\/?s={search_term_string}"},"query-input":{"@type":"PropertyValueSpecification","valueRequired":true,"valueName":"search_term_string"}}],"inLanguage":"en-US"},{"@type":"Organization","@id":"https:\/\/gordanaspoljart.hr\/#organization","name":"Gordana Spoljar Andrasic","url":"https:\/\/gordanaspoljart.hr\/","logo":{"@type":"ImageObject","inLanguage":"en-US","@id":"https:\/\/gordanaspoljart.hr\/#\/schema\/logo\/image\/","url":"https:\/\/gordanaspoljart.hr\/wp-content\/uploads\/2022\/02\/logo-new.png","contentUrl":"https:\/\/gordanaspoljart.hr\/wp-content\/uploads\/2022\/02\/logo-new.png","width":700,"height":180,"caption":"Gordana \u0160poljar Andra\u0161i\u0107"},"image":{"@id":"https:\/\/gordanaspoljart.hr\/#\/schema\/logo\/image\/"},"sameAs":["https:\/\/www.facebook.com\/gordana.spoljarandrasic","https:\/\/www.instagram.com\/rad_i_ona_art\/"]}]}},"_links":{"self":[{"href":"https:\/\/gordanaspoljart.hr\/en\/wp-json\/wp\/v2\/pages\/9073","targetHints":{"allow":["GET"]}}],"collection":[{"href":"https:\/\/gordanaspoljart.hr\/en\/wp-json\/wp\/v2\/pages"}],"about":[{"href":"https:\/\/gordanaspoljart.hr\/en\/wp-json\/wp\/v2\/types\/page"}],"author":[{"embeddable":true,"href":"https:\/\/gordanaspoljart.hr\/en\/wp-json\/wp\/v2\/users\/1"}],"replies":[{"embeddable":true,"href":"https:\/\/gordanaspoljart.hr\/en\/wp-json\/wp\/v2\/comments?post=9073"}],"version-history":[{"count":4,"href":"https:\/\/gordanaspoljart.hr\/en\/wp-json\/wp\/v2\/pages\/9073\/revisions"}],"predecessor-version":[{"id":9252,"href":"https:\/\/gordanaspoljart.hr\/en\/wp-json\/wp\/v2\/pages\/9073\/revisions\/9252"}],"up":[{"embeddable":true,"href":"https:\/\/gordanaspoljart.hr\/en\/wp-json\/wp\/v2\/pages\/63"}],"wp:attachment":[{"href":"https:\/\/gordanaspoljart.hr\/en\/wp-json\/wp\/v2\/media?parent=9073"}],"curies":[{"name":"wp","href":"https:\/\/api.w.org\/{rel}","templated":true}]}}