{"id":9485,"date":"2025-06-07T15:23:51","date_gmt":"2025-06-07T15:23:51","guid":{"rendered":"https:\/\/gordanaspoljart.hr\/?page_id=9485"},"modified":"2025-06-07T15:33:51","modified_gmt":"2025-06-07T15:33:51","slug":"9485-2","status":"publish","type":"page","link":"https:\/\/gordanaspoljart.hr\/en\/9485-2\/","title":{"rendered":""},"content":{"rendered":"<p>[et_pb_section fb_built=&#8221;1&#8243; _builder_version=&#8221;4.27.4&#8243; _module_preset=&#8221;default&#8221; global_colors_info=&#8221;{}&#8221;][et_pb_row _builder_version=&#8221;4.27.4&#8243; _module_preset=&#8221;default&#8221; width=&#8221;100%&#8221; max_width=&#8221;2560px&#8221; global_colors_info=&#8221;{}&#8221;][et_pb_column type=&#8221;4_4&#8243; _builder_version=&#8221;4.27.4&#8243; _module_preset=&#8221;default&#8221; global_colors_info=&#8221;{}&#8221;][et_pb_gallery gallery_ids=&#8221;9464,9461,9460,9459&#8243; show_title_and_caption=&#8221;off&#8221; _builder_version=&#8221;4.27.4&#8243; _module_preset=&#8221;default&#8221; width=&#8221;100%&#8221; max_width=&#8221;100%&#8221; min_height=&#8221;258px&#8221; custom_css_free_form=&#8221;width: 100% !important;||max-width: 100% !important;||height: auto !important;&#8221; global_colors_info=&#8221;{}&#8221;][\/et_pb_gallery][\/et_pb_column][\/et_pb_row][et_pb_row _builder_version=&#8221;4.27.4&#8243; _module_preset=&#8221;default&#8221; width=&#8221;100%&#8221; max_width=&#8221;2560px&#8221; global_colors_info=&#8221;{}&#8221;][et_pb_column type=&#8221;4_4&#8243; _builder_version=&#8221;4.27.4&#8243; _module_preset=&#8221;default&#8221; global_colors_info=&#8221;{}&#8221;][et_pb_gallery gallery_ids=&#8221;9467,9458,9488,9489&#8243; show_title_and_caption=&#8221;off&#8221; _builder_version=&#8221;4.27.4&#8243; _module_preset=&#8221;default&#8221; min_height=&#8221;227px&#8221; global_colors_info=&#8221;{}&#8221;][\/et_pb_gallery][\/et_pb_column][\/et_pb_row][\/et_pb_section]<\/p>\n","protected":false},"excerpt":{"rendered":"","protected":false},"author":1,"featured_media":0,"parent":0,"menu_order":0,"comment_status":"closed","ping_status":"closed","template":"","meta":{"_et_pb_use_builder":"on","_et_pb_old_content":"","_et_gb_content_width":"","footnotes":""},"class_list":["post-9485","page","type-page","status-publish","hentry"],"yoast_head":"<!-- This site is optimized with the Yoast SEO plugin v27.4 - https:\/\/yoast.com\/product\/yoast-seo-wordpress\/ -->\n<title>- Gordana \u0160poljar Andra\u0161i\u0107<\/title>\n<meta name=\"robots\" content=\"index, follow, max-snippet:-1, max-image-preview:large, max-video-preview:-1\" \/>\n<link rel=\"canonical\" href=\"https:\/\/gordanaspoljart.hr\/en\/9485-2\/\" \/>\n<meta property=\"og:locale\" content=\"en_US\" \/>\n<meta property=\"og:type\" content=\"article\" \/>\n<meta property=\"og:title\" content=\"- Gordana \u0160poljar Andra\u0161i\u0107\" \/>\n<meta property=\"og:url\" content=\"https:\/\/gordanaspoljart.hr\/en\/9485-2\/\" \/>\n<meta property=\"og:site_name\" content=\"Gordana \u0160poljar Andra\u0161i\u0107\" \/>\n<meta property=\"article:publisher\" content=\"https:\/\/www.facebook.com\/gordana.spoljarandrasic\" \/>\n<meta property=\"article:modified_time\" content=\"2025-06-07T15:33:51+00:00\" \/>\n<meta property=\"og:image\" content=\"https:\/\/gordanaspoljart.hr\/wp-content\/uploads\/2022\/02\/kontakt-home-1.jpg\" \/>\n\t<meta property=\"og:image:width\" content=\"1440\" \/>\n\t<meta property=\"og:image:height\" content=\"960\" \/>\n\t<meta property=\"og:image:type\" content=\"image\/jpeg\" \/>\n<meta name=\"twitter:card\" content=\"summary_large_image\" \/>\n<script type=\"application\/ld+json\" class=\"yoast-schema-graph\">{\"@context\":\"https:\\\/\\\/schema.org\",\"@graph\":[{\"@type\":\"WebPage\",\"@id\":\"https:\\\/\\\/gordanaspoljart.hr\\\/9485-2\\\/\",\"url\":\"https:\\\/\\\/gordanaspoljart.hr\\\/9485-2\\\/\",\"name\":\"- Gordana \u0160poljar Andra\u0161i\u0107\",\"isPartOf\":{\"@id\":\"https:\\\/\\\/gordanaspoljart.hr\\\/#website\"},\"datePublished\":\"2025-06-07T15:23:51+00:00\",\"dateModified\":\"2025-06-07T15:33:51+00:00\",\"inLanguage\":\"en-US\",\"potentialAction\":[{\"@type\":\"ReadAction\",\"target\":[\"https:\\\/\\\/gordanaspoljart.hr\\\/9485-2\\\/\"]}]},{\"@type\":\"WebSite\",\"@id\":\"https:\\\/\\\/gordanaspoljart.hr\\\/#website\",\"url\":\"https:\\\/\\\/gordanaspoljart.hr\\\/\",\"name\":\"Gordana \u0160poljar Andra\u0161i\u0107\",\"description\":\"Umjetni\u010dka djela - Izlo\u017ebe - Art\",\"publisher\":{\"@id\":\"https:\\\/\\\/gordanaspoljart.hr\\\/#organization\"},\"potentialAction\":[{\"@type\":\"SearchAction\",\"target\":{\"@type\":\"EntryPoint\",\"urlTemplate\":\"https:\\\/\\\/gordanaspoljart.hr\\\/?s={search_term_string}\"},\"query-input\":{\"@type\":\"PropertyValueSpecification\",\"valueRequired\":true,\"valueName\":\"search_term_string\"}}],\"inLanguage\":\"en-US\"},{\"@type\":\"Organization\",\"@id\":\"https:\\\/\\\/gordanaspoljart.hr\\\/#organization\",\"name\":\"Gordana \u0160poljar Andra\u0161i\u0107\",\"url\":\"https:\\\/\\\/gordanaspoljart.hr\\\/\",\"logo\":{\"@type\":\"ImageObject\",\"inLanguage\":\"en-US\",\"@id\":\"https:\\\/\\\/gordanaspoljart.hr\\\/#\\\/schema\\\/logo\\\/image\\\/\",\"url\":\"https:\\\/\\\/gordanaspoljart.hr\\\/wp-content\\\/uploads\\\/2022\\\/02\\\/logo-new.png\",\"contentUrl\":\"https:\\\/\\\/gordanaspoljart.hr\\\/wp-content\\\/uploads\\\/2022\\\/02\\\/logo-new.png\",\"width\":700,\"height\":180,\"caption\":\"Gordana \u0160poljar Andra\u0161i\u0107\"},\"image\":{\"@id\":\"https:\\\/\\\/gordanaspoljart.hr\\\/#\\\/schema\\\/logo\\\/image\\\/\"},\"sameAs\":[\"https:\\\/\\\/www.facebook.com\\\/gordana.spoljarandrasic\",\"https:\\\/\\\/www.instagram.com\\\/rad_i_ona_art\\\/\"]}]}<\/script>\n<!-- \/ Yoast SEO plugin. -->","yoast_head_json":{"title":"- Gordana \u0160poljar Andra\u0161i\u0107","robots":{"index":"index","follow":"follow","max-snippet":"max-snippet:-1","max-image-preview":"max-image-preview:large","max-video-preview":"max-video-preview:-1"},"canonical":"https:\/\/gordanaspoljart.hr\/en\/9485-2\/","og_locale":"en_US","og_type":"article","og_title":"- Gordana \u0160poljar Andra\u0161i\u0107","og_url":"https:\/\/gordanaspoljart.hr\/en\/9485-2\/","og_site_name":"Gordana \u0160poljar Andra\u0161i\u0107","article_publisher":"https:\/\/www.facebook.com\/gordana.spoljarandrasic","article_modified_time":"2025-06-07T15:33:51+00:00","og_image":[{"width":1440,"height":960,"url":"https:\/\/gordanaspoljart.hr\/wp-content\/uploads\/2022\/02\/kontakt-home-1.jpg","type":"image\/jpeg"}],"twitter_card":"summary_large_image","schema":{"@context":"https:\/\/schema.org","@graph":[{"@type":"WebPage","@id":"https:\/\/gordanaspoljart.hr\/9485-2\/","url":"https:\/\/gordanaspoljart.hr\/9485-2\/","name":"- Gordana \u0160poljar Andra\u0161i\u0107","isPartOf":{"@id":"https:\/\/gordanaspoljart.hr\/#website"},"datePublished":"2025-06-07T15:23:51+00:00","dateModified":"2025-06-07T15:33:51+00:00","inLanguage":"en-US","potentialAction":[{"@type":"ReadAction","target":["https:\/\/gordanaspoljart.hr\/9485-2\/"]}]},{"@type":"WebSite","@id":"https:\/\/gordanaspoljart.hr\/#website","url":"https:\/\/gordanaspoljart.hr\/","name":"Gordana Spoljar Andrasic","description":"Umjetni\u010dka djela - Izlo\u017ebe - Art","publisher":{"@id":"https:\/\/gordanaspoljart.hr\/#organization"},"potentialAction":[{"@type":"SearchAction","target":{"@type":"EntryPoint","urlTemplate":"https:\/\/gordanaspoljart.hr\/?s={search_term_string}"},"query-input":{"@type":"PropertyValueSpecification","valueRequired":true,"valueName":"search_term_string"}}],"inLanguage":"en-US"},{"@type":"Organization","@id":"https:\/\/gordanaspoljart.hr\/#organization","name":"Gordana Spoljar Andrasic","url":"https:\/\/gordanaspoljart.hr\/","logo":{"@type":"ImageObject","inLanguage":"en-US","@id":"https:\/\/gordanaspoljart.hr\/#\/schema\/logo\/image\/","url":"https:\/\/gordanaspoljart.hr\/wp-content\/uploads\/2022\/02\/logo-new.png","contentUrl":"https:\/\/gordanaspoljart.hr\/wp-content\/uploads\/2022\/02\/logo-new.png","width":700,"height":180,"caption":"Gordana \u0160poljar Andra\u0161i\u0107"},"image":{"@id":"https:\/\/gordanaspoljart.hr\/#\/schema\/logo\/image\/"},"sameAs":["https:\/\/www.facebook.com\/gordana.spoljarandrasic","https:\/\/www.instagram.com\/rad_i_ona_art\/"]}]}},"_links":{"self":[{"href":"https:\/\/gordanaspoljart.hr\/en\/wp-json\/wp\/v2\/pages\/9485","targetHints":{"allow":["GET"]}}],"collection":[{"href":"https:\/\/gordanaspoljart.hr\/en\/wp-json\/wp\/v2\/pages"}],"about":[{"href":"https:\/\/gordanaspoljart.hr\/en\/wp-json\/wp\/v2\/types\/page"}],"author":[{"embeddable":true,"href":"https:\/\/gordanaspoljart.hr\/en\/wp-json\/wp\/v2\/users\/1"}],"replies":[{"embeddable":true,"href":"https:\/\/gordanaspoljart.hr\/en\/wp-json\/wp\/v2\/comments?post=9485"}],"version-history":[{"count":4,"href":"https:\/\/gordanaspoljart.hr\/en\/wp-json\/wp\/v2\/pages\/9485\/revisions"}],"predecessor-version":[{"id":9494,"href":"https:\/\/gordanaspoljart.hr\/en\/wp-json\/wp\/v2\/pages\/9485\/revisions\/9494"}],"wp:attachment":[{"href":"https:\/\/gordanaspoljart.hr\/en\/wp-json\/wp\/v2\/media?parent=9485"}],"curies":[{"name":"wp","href":"https:\/\/api.w.org\/{rel}","templated":true}]}}